{"id":11067,"date":"2020-07-16T23:30:09","date_gmt":"2020-07-16T22:30:09","guid":{"rendered":"https:\/\/luddfritt.se\/?post_type=product&#038;p=11067"},"modified":"2026-05-06T00:16:54","modified_gmt":"2026-05-05T23:16:54","slug":"luddfritt-wide-wipes-20x32cm-including-shipping","status":"publish","type":"product","link":"https:\/\/luddfritt.se\/sv\/shop\/luddfritt-wide-wipes-20x32cm-including-shipping\/","title":{"rendered":"luddfritt.wide torkdukar, 20x32cm, inklusive frakt"},"content":{"rendered":"<p>luddfritt.wide \u00e4r 20x32 cm<\/p>\n<ul>\n<li data-section-id=\"ho1ym1\" data-start=\"598\" data-end=\"648\">Minimalt med ludd \u2013 hj\u00e4lper till att h\u00e5lla arbetsytan ren<\/li>\n<li data-section-id=\"1bejpmb\" data-start=\"651\" data-end=\"697\">Slitstark \u2013 g\u00e5r inte s\u00f6nder under anv\u00e4ndning<\/li>\n<li data-section-id=\"1sxwaqg\" data-start=\"700\" data-end=\"754\">Skonsam mot huden \u2013 mer behaglig f\u00f6r kunden<\/li>\n<li data-section-id=\"hauq46\" data-start=\"757\" data-end=\"806\">R\u00e4cker l\u00e4ngre \u2013 f\u00e4rre ark beh\u00f6vs per session<\/li>\n<li data-section-id=\"x8uzkl\" data-start=\"809\" data-end=\"861\">J\u00e4mn prestanda \u2013 fr\u00e5n f\u00f6rsta till sista avtorkning<\/li>\n<\/ul>\n<p data-start=\"386\" data-end=\"629\">Luddfritts torkdukar l\u00e4mpar sig v\u00e4l f\u00f6r tatueringsarbete, d\u00e4r ren och konsekvent avtorkning \u00e4r avg\u00f6rande.\nDe h\u00e5ller ihop under anv\u00e4ndning, g\u00e5r inte s\u00f6nder och minimerar ludd \u2013 vilket hj\u00e4lper dig att h\u00e5lla arbetsytan ren genom hela sessionen. Materialet \u00e4r dessutom skonsamt mot huden, vilket ger en mer behaglig upplevelse f\u00f6r kunden j\u00e4mf\u00f6rt med enklare pappersprodukter. Varje ark h\u00e5ller f\u00f6r anv\u00e4ndning under l\u00e4ngre tid, vilket minskar behovet av att byta lika ofta. Till skillnad fr\u00e5n vanliga pappersprodukter ger Luddfritt en j\u00e4mn och p\u00e5litlig prestanda fr\u00e5n f\u00f6rsta avtorkning till sista.<\/p>\n<p data-start=\"979\" data-end=\"1029\">Anv\u00e4nds i professionella tatueringsmilj\u00f6er.<\/p>\n<p data-start=\"1036\" data-end=\"1099\">Inga on\u00f6diga funktioner. Bara torkdukar som g\u00f6r sitt jobb.<\/p>\n<p>&nbsp;<\/p>\n<p>Vi levererar luddfritt.wide i kvantiteter fr\u00e5n 2 l\u00e5dor\/4167 ark. <span style=\"color: #0000ff;\">St\u00f6rre k\u00f6p rabatteras gener\u00f6st.<\/span>K\u00f6p mer f\u00f6r att spara pengar. Se v\u00e5ra olika priser ovan<\/p>\n<p>Observera! <span style=\"color: #0000ff;\">Alla priser inkluderar frakt till vald destination.<\/span> Observera!<\/p>\n<p>Valutav\u00e4xlaren \u00e4r f\u00f6r referens endast. Utcheckning och faktura\/kvitto kommer utf\u00e4rdas i svenska kronor (SEK).<\/p>\n<p>1 l\u00e5da m\u00e4ter 62x49x29 cm<\/p>","protected":false},"excerpt":{"rendered":"<p>luddfritt.wide dimensions are 20&#215;32 cm (roughly 8&#215;12 inches). Low lint \u2013 helps maintain a clean working area Strong and durable \u2013 won\u2019t tear during use Soft on the skin \u2013 more comfortable for the client Lasts longer \u2013 fewer wipes needed per session Consistent performance \u2013 from first wipe to last Luddfritt wipes are well [&hellip;]<\/p>\n","protected":false},"featured_media":14,"template":"","meta":[],"product_brand":[],"product_cat":[35],"product_tag":[],"class_list":{"0":"post-11067","1":"product","2":"type-product","3":"status-publish","4":"has-post-thumbnail","6":"product_cat-uncategorized","8":"first","9":"instock","10":"sale","11":"taxable","12":"shipping-taxable","13":"purchasable","14":"product-type-variable"},"_links":{"self":[{"href":"https:\/\/luddfritt.se\/sv\/wp-json\/wp\/v2\/product\/11067","targetHints":{"allow":["GET"]}}],"collection":[{"href":"https:\/\/luddfritt.se\/sv\/wp-json\/wp\/v2\/product"}],"about":[{"href":"https:\/\/luddfritt.se\/sv\/wp-json\/wp\/v2\/types\/product"}],"wp:featuredmedia":[{"embeddable":true,"href":"https:\/\/luddfritt.se\/sv\/wp-json\/wp\/v2\/media\/14"}],"wp:attachment":[{"href":"https:\/\/luddfritt.se\/sv\/wp-json\/wp\/v2\/media?parent=11067"}],"wp:term":[{"taxonomy":"product_brand","embeddable":true,"href":"https:\/\/luddfritt.se\/sv\/wp-json\/wp\/v2\/product_brand?post=11067"},{"taxonomy":"product_cat","embeddable":true,"href":"https:\/\/luddfritt.se\/sv\/wp-json\/wp\/v2\/product_cat?post=11067"},{"taxonomy":"product_tag","embeddable":true,"href":"https:\/\/luddfritt.se\/sv\/wp-json\/wp\/v2\/product_tag?post=11067"}],"curies":[{"name":"wp","href":"https:\/\/api.w.org\/{rel}","templated":true}]}}